{"id":1195,"date":"2022-02-24T14:11:37","date_gmt":"2022-02-24T14:11:37","guid":{"rendered":"https:\/\/include-ce.eu\/home\/"},"modified":"2025-01-07T14:08:58","modified_gmt":"2025-01-07T14:08:58","slug":"home","status":"publish","type":"page","link":"https:\/\/include-ce.eu\/pt-pt\/","title":{"rendered":"In\u00edcio"},"content":{"rendered":"<h1><strong>INCLUS\u00c3O E CAPACITA\u00c7\u00c3O DIGITAL ATRAV\u00c9S DA ECONOMIA CIRCULAR<\/strong><\/h1>\n<p><img decoding=\"async\" src=\"\/wp-content\/uploads\/2023\/06\/hero-image.svg\" alt=\"\"><\/p>\n<p><!--more--><br \/>\n<!-- {\"type\":\"layout\",\"children\":[{\"type\":\"section\",\"props\":{\"class\":\"hero-sec\",\"height\":\"full\",\"image_position\":\"center-center\",\"style\":\"default\",\"title_breakpoint\":\"xl\",\"title_position\":\"top-left\",\"title_rotation\":\"left\",\"vertical_align\":\"\",\"width\":\"default\"},\"children\":[{\"type\":\"row\",\"children\":[{\"type\":\"column\",\"props\":{\"image_position\":\"center-center\",\"media_overlay_gradient\":\"\",\"position_sticky_breakpoint\":\"m\"},\"children\":[{\"type\":\"headline\",\"props\":{\"content\":\"<strong>INCLUS\\u00c3O E CAPACITA\\u00c7\\u00c3O DIGITAL ATRAV\\u00c9S DA ECONOMIA CIRCULAR<\\\/strong>\",\"text_align\":\"center\",\"title_element\":\"h1\",\"title_style\":\"h3\"},\"name\":\"Headline NEW on Home!\"}]}]},{\"type\":\"row\",\"props\":{\"class\":\"home image\"},\"children\":[{\"type\":\"column\",\"props\":{\"image_position\":\"center-center\",\"media_overlay_gradient\":\"\",\"position_sticky_breakpoint\":\"m\"},\"children\":[{\"type\":\"image\",\"props\":{\"class\":\"home-image\",\"image\":\"wp-content\\\/uploads\\\/2023\\\/06\\\/hero-image.svg\",\"image_svg_color\":\"emphasis\",\"margin\":\"default\",\"position\":\"relative\",\"position_left\":\"0\",\"text_align\":\"center\"}}]}]}],\"name\":\"hero section\"}],\"version\":\"3.0.20\"} --><\/p>\n","protected":false},"excerpt":{"rendered":"<p>INCLUS\u00c3O E CAPACITA\u00c7\u00c3O DIGITAL ATRAV\u00c9S DA ECONOMIA CIRCULAR<\/p>\n","protected":false},"author":1,"featured_media":0,"parent":0,"menu_order":0,"comment_status":"closed","ping_status":"closed","template":"","meta":{"_acf_changed":false,"inline_featured_image":false,"footnotes":""},"class_list":["post-1195","page","type-page","status-publish","hentry"],"acf":[],"_links":{"self":[{"href":"https:\/\/include-ce.eu\/pt-pt\/wp-json\/wp\/v2\/pages\/1195","targetHints":{"allow":["GET"]}}],"collection":[{"href":"https:\/\/include-ce.eu\/pt-pt\/wp-json\/wp\/v2\/pages"}],"about":[{"href":"https:\/\/include-ce.eu\/pt-pt\/wp-json\/wp\/v2\/types\/page"}],"author":[{"embeddable":true,"href":"https:\/\/include-ce.eu\/pt-pt\/wp-json\/wp\/v2\/users\/1"}],"replies":[{"embeddable":true,"href":"https:\/\/include-ce.eu\/pt-pt\/wp-json\/wp\/v2\/comments?post=1195"}],"version-history":[{"count":2,"href":"https:\/\/include-ce.eu\/pt-pt\/wp-json\/wp\/v2\/pages\/1195\/revisions"}],"predecessor-version":[{"id":2120,"href":"https:\/\/include-ce.eu\/pt-pt\/wp-json\/wp\/v2\/pages\/1195\/revisions\/2120"}],"wp:attachment":[{"href":"https:\/\/include-ce.eu\/pt-pt\/wp-json\/wp\/v2\/media?parent=1195"}],"curies":[{"name":"wp","href":"https:\/\/api.w.org\/{rel}","templated":true}]}}